{"id":320,"date":"2023-11-26T19:21:09","date_gmt":"2023-11-26T18:21:09","guid":{"rendered":"https:\/\/reseaudesluettes.fr\/?page_id=320"},"modified":"2026-03-28T16:20:10","modified_gmt":"2026-03-28T15:20:10","slug":"le-reseau","status":"publish","type":"page","link":"https:\/\/reseaudesluettes.fr\/index.php\/le-reseau\/","title":{"rendered":"LE RESEAU"},"content":{"rendered":"\t\t<div data-elementor-type=\"wp-page\" data-elementor-id=\"320\" class=\"elementor elementor-320\">\n\t\t\t\t<div class=\"elementor-element elementor-element-2c79f88 e-flex e-con-boxed e-con e-parent\" data-id=\"2c79f88\" data-element_type=\"container\" data-e-type=\"container\">\n\t\t\t\t\t<div class=\"e-con-inner\">\n\t\t\t\t<div class=\"elementor-element elementor-element-915d0bb elementor-widget elementor-widget-image\" data-id=\"915d0bb\" data-element_type=\"widget\" data-e-type=\"widget\" data-widget_type=\"image.default\">\n\t\t\t\t<div class=\"elementor-widget-container\">\n\t\t\t\t\t\t\t\t\t\t\t\t\t\t\t<img fetchpriority=\"high\" decoding=\"async\" width=\"1024\" height=\"386\" src=\"https:\/\/reseaudesluettes.fr\/wp-content\/uploads\/2024\/12\/2024-12-20-1024x386.png\" class=\"attachment-large size-large wp-image-610\" alt=\"\" srcset=\"https:\/\/reseaudesluettes.fr\/wp-content\/uploads\/2024\/12\/2024-12-20-1024x386.png 1024w, https:\/\/reseaudesluettes.fr\/wp-content\/uploads\/2024\/12\/2024-12-20-300x113.png 300w, https:\/\/reseaudesluettes.fr\/wp-content\/uploads\/2024\/12\/2024-12-20-768x289.png 768w, https:\/\/reseaudesluettes.fr\/wp-content\/uploads\/2024\/12\/2024-12-20-1536x578.png 1536w, https:\/\/reseaudesluettes.fr\/wp-content\/uploads\/2024\/12\/2024-12-20-2048x771.png 2048w\" sizes=\"(max-width: 1024px) 100vw, 1024px\" \/>\t\t\t\t\t\t\t\t\t\t\t\t\t\t\t<\/div>\n\t\t\t\t<\/div>\n\t\t\t\t<div class=\"elementor-element elementor-element-522da16 elementor-widget elementor-widget-text-editor\" data-id=\"522da16\" data-element_type=\"widget\" data-e-type=\"widget\" data-widget_type=\"text-editor.default\">\n\t\t\t\t<div class=\"elementor-widget-container\">\n\t\t\t\t\t\t\t\t\t<h1><span style=\"color: #030000;\">Le<strong> controle du reseau est bas\u00e9 sur:<\/strong><\/span><\/h1><ul><li><h4><span style=\"color: #0d0101;\"><strong>L&rsquo;ECOS 2<\/strong><\/span><\/h4><\/li><li><h4><span style=\"color: #0d0101;\"><strong>RRTC Gold V9.0C2 avec son interface HSI88<\/strong><\/span><\/h4><\/li><li><h4><span style=\"color: #0d0101;\"><strong>La r\u00e9trosignalisation par LDT RM-GB-8N<\/strong><\/span><\/h4><\/li><\/ul>\t\t\t\t\t\t\t\t<\/div>\n\t\t\t\t<\/div>\n\t\t\t\t<div class=\"elementor-element elementor-element-4007835 elementor-widget elementor-widget-image\" data-id=\"4007835\" data-element_type=\"widget\" data-e-type=\"widget\" data-widget_type=\"image.default\">\n\t\t\t\t<div class=\"elementor-widget-container\">\n\t\t\t\t\t\t\t\t\t\t\t\t\t\t\t<img decoding=\"async\" width=\"640\" height=\"480\" src=\"https:\/\/reseaudesluettes.fr\/wp-content\/uploads\/2023\/11\/IMG_2693.bmp\" class=\"attachment-large size-large wp-image-28\" alt=\"\" srcset=\"https:\/\/reseaudesluettes.fr\/wp-content\/uploads\/2023\/11\/IMG_2693.bmp 640w, https:\/\/reseaudesluettes.fr\/wp-content\/uploads\/2023\/11\/IMG_2693-300x225.jpg 300w\" sizes=\"(max-width: 640px) 100vw, 640px\" \/>\t\t\t\t\t\t\t\t\t\t\t\t\t\t\t<\/div>\n\t\t\t\t<\/div>\n\t\t\t\t<div class=\"elementor-element elementor-element-54079a6 elementor-widget elementor-widget-image\" data-id=\"54079a6\" data-element_type=\"widget\" data-e-type=\"widget\" data-widget_type=\"image.default\">\n\t\t\t\t<div class=\"elementor-widget-container\">\n\t\t\t\t\t\t\t\t\t\t\t\t\t\t\t<img decoding=\"async\" width=\"1024\" height=\"768\" src=\"https:\/\/reseaudesluettes.fr\/wp-content\/uploads\/2023\/11\/20211218_162446-1024x768.jpg\" class=\"attachment-large size-large wp-image-343\" alt=\"\" srcset=\"https:\/\/reseaudesluettes.fr\/wp-content\/uploads\/2023\/11\/20211218_162446-1024x768.jpg 1024w, https:\/\/reseaudesluettes.fr\/wp-content\/uploads\/2023\/11\/20211218_162446-300x225.jpg 300w, https:\/\/reseaudesluettes.fr\/wp-content\/uploads\/2023\/11\/20211218_162446-768x576.jpg 768w, https:\/\/reseaudesluettes.fr\/wp-content\/uploads\/2023\/11\/20211218_162446-1536x1152.jpg 1536w, https:\/\/reseaudesluettes.fr\/wp-content\/uploads\/2023\/11\/20211218_162446-2048x1536.jpg 2048w\" sizes=\"(max-width: 1024px) 100vw, 1024px\" \/>\t\t\t\t\t\t\t\t\t\t\t\t\t\t\t<\/div>\n\t\t\t\t<\/div>\n\t\t\t\t<div class=\"elementor-element elementor-element-de65f96 elementor-widget elementor-widget-heading\" data-id=\"de65f96\" data-element_type=\"widget\" data-e-type=\"widget\" data-widget_type=\"heading.default\">\n\t\t\t\t<div class=\"elementor-widget-container\">\n\t\t\t\t\t<h2 class=\"elementor-heading-title elementor-size-large\">2021 et avant<\/h2>\t\t\t\t<\/div>\n\t\t\t\t<\/div>\n\t\t<div class=\"elementor-element elementor-element-124ccc4 e-flex e-con-boxed e-con e-child\" data-id=\"124ccc4\" data-element_type=\"container\" data-e-type=\"container\">\n\t\t\t\t\t<div class=\"e-con-inner\">\n\t\t\t\t<div class=\"elementor-element elementor-element-5ad8c2c elementor-widget elementor-widget-image\" data-id=\"5ad8c2c\" data-element_type=\"widget\" data-e-type=\"widget\" data-widget_type=\"image.default\">\n\t\t\t\t<div class=\"elementor-widget-container\">\n\t\t\t\t\t\t\t\t\t\t\t\t\t\t\t<img loading=\"lazy\" decoding=\"async\" width=\"640\" height=\"480\" src=\"https:\/\/reseaudesluettes.fr\/wp-content\/uploads\/2023\/11\/IMG_2699.bmp\" class=\"attachment-large size-large wp-image-44\" alt=\"\" srcset=\"https:\/\/reseaudesluettes.fr\/wp-content\/uploads\/2023\/11\/IMG_2699.bmp 640w, https:\/\/reseaudesluettes.fr\/wp-content\/uploads\/2023\/11\/IMG_2699-300x225.jpg 300w\" sizes=\"(max-width: 640px) 100vw, 640px\" \/>\t\t\t\t\t\t\t\t\t\t\t\t\t\t\t<\/div>\n\t\t\t\t<\/div>\n\t\t\t\t<div class=\"elementor-element elementor-element-559b9da elementor-widget elementor-widget-image\" data-id=\"559b9da\" data-element_type=\"widget\" data-e-type=\"widget\" data-widget_type=\"image.default\">\n\t\t\t\t<div class=\"elementor-widget-container\">\n\t\t\t\t\t\t\t\t\t\t\t\t\t\t\t<img loading=\"lazy\" decoding=\"async\" width=\"640\" height=\"480\" src=\"https:\/\/reseaudesluettes.fr\/wp-content\/uploads\/2023\/11\/IMG_3329-2.bmp\" class=\"attachment-large size-large wp-image-40\" alt=\"\" srcset=\"https:\/\/reseaudesluettes.fr\/wp-content\/uploads\/2023\/11\/IMG_3329-2.bmp 640w, https:\/\/reseaudesluettes.fr\/wp-content\/uploads\/2023\/11\/IMG_3329-2-300x225.jpg 300w\" sizes=\"(max-width: 640px) 100vw, 640px\" \/>\t\t\t\t\t\t\t\t\t\t\t\t\t\t\t<\/div>\n\t\t\t\t<\/div>\n\t\t\t\t\t<\/div>\n\t\t\t\t<\/div>\n\t\t\t\t<div class=\"elementor-element elementor-element-53fa14b elementor-widget elementor-widget-image\" data-id=\"53fa14b\" data-element_type=\"widget\" data-e-type=\"widget\" data-widget_type=\"image.default\">\n\t\t\t\t<div class=\"elementor-widget-container\">\n\t\t\t\t\t\t\t\t\t\t\t\t\t\t\t<img loading=\"lazy\" decoding=\"async\" width=\"640\" height=\"480\" src=\"https:\/\/reseaudesluettes.fr\/wp-content\/uploads\/2023\/11\/IMG_3318.bmp\" class=\"attachment-large size-large wp-image-42\" alt=\"\" srcset=\"https:\/\/reseaudesluettes.fr\/wp-content\/uploads\/2023\/11\/IMG_3318.bmp 640w, https:\/\/reseaudesluettes.fr\/wp-content\/uploads\/2023\/11\/IMG_3318-300x225.jpg 300w\" sizes=\"(max-width: 640px) 100vw, 640px\" \/>\t\t\t\t\t\t\t\t\t\t\t\t\t\t\t<\/div>\n\t\t\t\t<\/div>\n\t\t<div class=\"elementor-element elementor-element-7cdc20a e-flex e-con-boxed e-con e-child\" data-id=\"7cdc20a\" data-element_type=\"container\" data-e-type=\"container\">\n\t\t\t\t\t<div class=\"e-con-inner\">\n\t\t\t\t<div class=\"elementor-element elementor-element-d4d074e elementor-widget elementor-widget-heading\" data-id=\"d4d074e\" data-element_type=\"widget\" data-e-type=\"widget\" data-widget_type=\"heading.default\">\n\t\t\t\t<div class=\"elementor-widget-container\">\n\t\t\t\t\t<h2 class=\"elementor-heading-title elementor-size-medium\">Le synth\u00e8me S88 avec RM-GB-8-N<\/h2>\t\t\t\t<\/div>\n\t\t\t\t<\/div>\n\t\t\t\t\t<\/div>\n\t\t\t\t<\/div>\n\t\t\t\t<div class=\"elementor-element elementor-element-1c67319 elementor-widget elementor-widget-image\" data-id=\"1c67319\" data-element_type=\"widget\" data-e-type=\"widget\" data-widget_type=\"image.default\">\n\t\t\t\t<div class=\"elementor-widget-container\">\n\t\t\t\t\t\t\t\t\t\t\t\t\t\t\t<img loading=\"lazy\" decoding=\"async\" width=\"1\" height=\"1\" src=\"https:\/\/reseaudesluettes.fr\/wp-content\/uploads\/2023\/11\/20230501_144025-1.jpg\" class=\"attachment-large size-large wp-image-50\" alt=\"\" \/>\t\t\t\t\t\t\t\t\t\t\t\t\t\t\t<\/div>\n\t\t\t\t<\/div>\n\t\t\t\t\t<\/div>\n\t\t\t\t<\/div>\n\t\t<div class=\"elementor-element elementor-element-98c9eb0 e-con-full e-flex e-con e-parent\" data-id=\"98c9eb0\" data-element_type=\"container\" data-e-type=\"container\">\n\t\t\t\t<div class=\"elementor-element elementor-element-48251b4 elementor-widget elementor-widget-image\" data-id=\"48251b4\" data-element_type=\"widget\" data-e-type=\"widget\" data-widget_type=\"image.default\">\n\t\t\t\t<div class=\"elementor-widget-container\">\n\t\t\t\t\t\t\t\t\t\t\t\t\t\t\t<img loading=\"lazy\" decoding=\"async\" width=\"1024\" height=\"768\" src=\"https:\/\/reseaudesluettes.fr\/wp-content\/uploads\/2023\/11\/IMG_2703-1024x768.jpg\" class=\"attachment-large size-large wp-image-344\" alt=\"\" srcset=\"https:\/\/reseaudesluettes.fr\/wp-content\/uploads\/2023\/11\/IMG_2703-1024x768.jpg 1024w, https:\/\/reseaudesluettes.fr\/wp-content\/uploads\/2023\/11\/IMG_2703-300x225.jpg 300w, https:\/\/reseaudesluettes.fr\/wp-content\/uploads\/2023\/11\/IMG_2703-768x576.jpg 768w, https:\/\/reseaudesluettes.fr\/wp-content\/uploads\/2023\/11\/IMG_2703-1536x1152.jpg 1536w, https:\/\/reseaudesluettes.fr\/wp-content\/uploads\/2023\/11\/IMG_2703-2048x1536.jpg 2048w\" sizes=\"(max-width: 1024px) 100vw, 1024px\" \/>\t\t\t\t\t\t\t\t\t\t\t\t\t\t\t<\/div>\n\t\t\t\t<\/div>\n\t\t\t\t<div class=\"elementor-element elementor-element-6ab2c7a elementor-widget elementor-widget-image\" data-id=\"6ab2c7a\" data-element_type=\"widget\" data-e-type=\"widget\" data-widget_type=\"image.default\">\n\t\t\t\t<div class=\"elementor-widget-container\">\n\t\t\t\t\t\t\t\t\t\t\t\t\t\t\t<img loading=\"lazy\" decoding=\"async\" width=\"1024\" height=\"768\" src=\"https:\/\/reseaudesluettes.fr\/wp-content\/uploads\/2023\/11\/20211218_162641-1024x768.jpg\" class=\"attachment-large size-large wp-image-346\" alt=\"\" srcset=\"https:\/\/reseaudesluettes.fr\/wp-content\/uploads\/2023\/11\/20211218_162641-1024x768.jpg 1024w, https:\/\/reseaudesluettes.fr\/wp-content\/uploads\/2023\/11\/20211218_162641-300x225.jpg 300w, https:\/\/reseaudesluettes.fr\/wp-content\/uploads\/2023\/11\/20211218_162641-768x576.jpg 768w, https:\/\/reseaudesluettes.fr\/wp-content\/uploads\/2023\/11\/20211218_162641-1536x1152.jpg 1536w, https:\/\/reseaudesluettes.fr\/wp-content\/uploads\/2023\/11\/20211218_162641-2048x1536.jpg 2048w\" sizes=\"(max-width: 1024px) 100vw, 1024px\" \/>\t\t\t\t\t\t\t\t\t\t\t\t\t\t\t<\/div>\n\t\t\t\t<\/div>\n\t\t\t\t<div class=\"elementor-element elementor-element-4133cf9 elementor-widget elementor-widget-image\" data-id=\"4133cf9\" data-element_type=\"widget\" data-e-type=\"widget\" data-widget_type=\"image.default\">\n\t\t\t\t<div class=\"elementor-widget-container\">\n\t\t\t\t\t\t\t\t\t\t\t\t\t\t\t<img loading=\"lazy\" decoding=\"async\" width=\"1024\" height=\"768\" src=\"https:\/\/reseaudesluettes.fr\/wp-content\/uploads\/2023\/11\/20211218_162938-1024x768.jpg\" class=\"attachment-large size-large wp-image-352\" alt=\"\" srcset=\"https:\/\/reseaudesluettes.fr\/wp-content\/uploads\/2023\/11\/20211218_162938-1024x768.jpg 1024w, https:\/\/reseaudesluettes.fr\/wp-content\/uploads\/2023\/11\/20211218_162938-300x225.jpg 300w, https:\/\/reseaudesluettes.fr\/wp-content\/uploads\/2023\/11\/20211218_162938-768x576.jpg 768w, https:\/\/reseaudesluettes.fr\/wp-content\/uploads\/2023\/11\/20211218_162938-1536x1152.jpg 1536w, https:\/\/reseaudesluettes.fr\/wp-content\/uploads\/2023\/11\/20211218_162938-2048x1536.jpg 2048w\" sizes=\"(max-width: 1024px) 100vw, 1024px\" \/>\t\t\t\t\t\t\t\t\t\t\t\t\t\t\t<\/div>\n\t\t\t\t<\/div>\n\t\t\t\t<\/div>\n\t\t<div class=\"elementor-element elementor-element-6219fcf e-flex e-con-boxed e-con e-parent\" data-id=\"6219fcf\" data-element_type=\"container\" data-e-type=\"container\">\n\t\t\t\t\t<div class=\"e-con-inner\">\n\t\t\t\t<div class=\"elementor-element elementor-element-507cd5c elementor-widget elementor-widget-heading\" data-id=\"507cd5c\" data-element_type=\"widget\" data-e-type=\"widget\" data-widget_type=\"heading.default\">\n\t\t\t\t<div class=\"elementor-widget-container\">\n\t\t\t\t\t<h2 class=\"elementor-heading-title elementor-size-large\">2022<\/h2>\t\t\t\t<\/div>\n\t\t\t\t<\/div>\n\t\t\t\t<div class=\"elementor-element elementor-element-ba9dfd1 elementor-widget elementor-widget-image\" data-id=\"ba9dfd1\" data-element_type=\"widget\" data-e-type=\"widget\" data-widget_type=\"image.default\">\n\t\t\t\t<div class=\"elementor-widget-container\">\n\t\t\t\t\t\t\t\t\t\t\t\t\t\t\t<img loading=\"lazy\" decoding=\"async\" width=\"1024\" height=\"768\" src=\"https:\/\/reseaudesluettes.fr\/wp-content\/uploads\/2023\/11\/20211218_162854-1024x768.jpg\" class=\"attachment-large size-large wp-image-351\" alt=\"\" srcset=\"https:\/\/reseaudesluettes.fr\/wp-content\/uploads\/2023\/11\/20211218_162854-1024x768.jpg 1024w, https:\/\/reseaudesluettes.fr\/wp-content\/uploads\/2023\/11\/20211218_162854-300x225.jpg 300w, https:\/\/reseaudesluettes.fr\/wp-content\/uploads\/2023\/11\/20211218_162854-768x576.jpg 768w, https:\/\/reseaudesluettes.fr\/wp-content\/uploads\/2023\/11\/20211218_162854-1536x1152.jpg 1536w, https:\/\/reseaudesluettes.fr\/wp-content\/uploads\/2023\/11\/20211218_162854-2048x1536.jpg 2048w\" sizes=\"(max-width: 1024px) 100vw, 1024px\" \/>\t\t\t\t\t\t\t\t\t\t\t\t\t\t\t<\/div>\n\t\t\t\t<\/div>\n\t\t\t\t<div class=\"elementor-element elementor-element-fbfbfe2 elementor-widget elementor-widget-image\" data-id=\"fbfbfe2\" data-element_type=\"widget\" data-e-type=\"widget\" data-widget_type=\"image.default\">\n\t\t\t\t<div class=\"elementor-widget-container\">\n\t\t\t\t\t\t\t\t\t\t\t\t\t\t\t<img loading=\"lazy\" decoding=\"async\" width=\"1024\" height=\"768\" src=\"https:\/\/reseaudesluettes.fr\/wp-content\/uploads\/2023\/11\/20221016_134808-1024x768.jpg\" class=\"attachment-large size-large wp-image-361\" alt=\"\" srcset=\"https:\/\/reseaudesluettes.fr\/wp-content\/uploads\/2023\/11\/20221016_134808-1024x768.jpg 1024w, https:\/\/reseaudesluettes.fr\/wp-content\/uploads\/2023\/11\/20221016_134808-300x225.jpg 300w, https:\/\/reseaudesluettes.fr\/wp-content\/uploads\/2023\/11\/20221016_134808-768x576.jpg 768w, https:\/\/reseaudesluettes.fr\/wp-content\/uploads\/2023\/11\/20221016_134808-1536x1152.jpg 1536w, https:\/\/reseaudesluettes.fr\/wp-content\/uploads\/2023\/11\/20221016_134808-2048x1536.jpg 2048w\" sizes=\"(max-width: 1024px) 100vw, 1024px\" \/>\t\t\t\t\t\t\t\t\t\t\t\t\t\t\t<\/div>\n\t\t\t\t<\/div>\n\t\t\t\t<div class=\"elementor-element elementor-element-c44819a elementor-widget elementor-widget-image\" data-id=\"c44819a\" data-element_type=\"widget\" data-e-type=\"widget\" data-widget_type=\"image.default\">\n\t\t\t\t<div class=\"elementor-widget-container\">\n\t\t\t\t\t\t\t\t\t\t\t\t\t\t\t<img loading=\"lazy\" decoding=\"async\" width=\"1024\" height=\"768\" src=\"https:\/\/reseaudesluettes.fr\/wp-content\/uploads\/2023\/11\/20221016_134740-1-1024x768.jpg\" class=\"attachment-large size-large wp-image-360\" alt=\"\" srcset=\"https:\/\/reseaudesluettes.fr\/wp-content\/uploads\/2023\/11\/20221016_134740-1-1024x768.jpg 1024w, https:\/\/reseaudesluettes.fr\/wp-content\/uploads\/2023\/11\/20221016_134740-1-300x225.jpg 300w, https:\/\/reseaudesluettes.fr\/wp-content\/uploads\/2023\/11\/20221016_134740-1-768x576.jpg 768w, https:\/\/reseaudesluettes.fr\/wp-content\/uploads\/2023\/11\/20221016_134740-1-1536x1152.jpg 1536w, https:\/\/reseaudesluettes.fr\/wp-content\/uploads\/2023\/11\/20221016_134740-1-2048x1536.jpg 2048w\" sizes=\"(max-width: 1024px) 100vw, 1024px\" \/>\t\t\t\t\t\t\t\t\t\t\t\t\t\t\t<\/div>\n\t\t\t\t<\/div>\n\t\t\t\t\t<\/div>\n\t\t\t\t<\/div>\n\t\t\t\t<\/div>\n\t\t","protected":false},"excerpt":{"rendered":"<p>Le controle du reseau est bas\u00e9 sur: L&rsquo;ECOS 2 RRTC Gold V9.0C2 avec son interface HSI88 La r\u00e9trosignalisation par LDT RM-GB-8N 2021 et avant Le synth\u00e8me S88 avec RM-GB-8-N 2022<\/p>\n","protected":false},"author":1,"featured_media":0,"parent":0,"menu_order":0,"comment_status":"closed","ping_status":"closed","template":"","meta":{"_uf_show_specific_survey":0,"_uf_disable_surveys":false,"footnotes":""},"class_list":["post-320","page","type-page","status-publish","hentry","entry"],"aioseo_notices":[],"yoast_head":"<!-- This site is optimized with the Yoast SEO plugin v27.3 - https:\/\/yoast.com\/product\/yoast-seo-wordpress\/ -->\n<title>LE RESEAU - RESEAU DES LUETTES<\/title>\n<meta name=\"robots\" content=\"index, follow, max-snippet:-1, max-image-preview:large, max-video-preview:-1\" \/>\n<link rel=\"canonical\" href=\"https:\/\/reseaudesluettes.fr\/index.php\/le-reseau\/\" \/>\n<meta property=\"og:locale\" content=\"fr_FR\" \/>\n<meta property=\"og:type\" content=\"article\" \/>\n<meta property=\"og:title\" content=\"LE RESEAU - RESEAU DES LUETTES\" \/>\n<meta property=\"og:description\" content=\"Le controle du reseau est bas\u00e9 sur: L&rsquo;ECOS 2 RRTC Gold V9.0C2 avec son interface HSI88 La r\u00e9trosignalisation par LDT RM-GB-8N 2021 et avant Le synth\u00e8me S88 avec RM-GB-8-N 2022\" \/>\n<meta property=\"og:url\" content=\"https:\/\/reseaudesluettes.fr\/index.php\/le-reseau\/\" \/>\n<meta property=\"og:site_name\" content=\"RESEAU DES LUETTES\" \/>\n<meta property=\"article:modified_time\" content=\"2026-03-28T15:20:10+00:00\" \/>\n<meta property=\"og:image\" content=\"https:\/\/reseaudesluettes.fr\/wp-content\/uploads\/2024\/12\/2024-12-20-1024x386.png\" \/>\n<meta name=\"twitter:card\" content=\"summary_large_image\" \/>\n<meta name=\"twitter:label1\" content=\"Dur\u00e9e de lecture estim\u00e9e\" \/>\n\t<meta name=\"twitter:data1\" content=\"3 minutes\" \/>\n<script type=\"application\/ld+json\" class=\"yoast-schema-graph\">{\"@context\":\"https:\\\/\\\/schema.org\",\"@graph\":[{\"@type\":\"WebPage\",\"@id\":\"https:\\\/\\\/reseaudesluettes.fr\\\/index.php\\\/le-reseau\\\/\",\"url\":\"https:\\\/\\\/reseaudesluettes.fr\\\/index.php\\\/le-reseau\\\/\",\"name\":\"LE RESEAU - RESEAU DES LUETTES\",\"isPartOf\":{\"@id\":\"https:\\\/\\\/reseaudesluettes.fr\\\/#website\"},\"primaryImageOfPage\":{\"@id\":\"https:\\\/\\\/reseaudesluettes.fr\\\/index.php\\\/le-reseau\\\/#primaryimage\"},\"image\":{\"@id\":\"https:\\\/\\\/reseaudesluettes.fr\\\/index.php\\\/le-reseau\\\/#primaryimage\"},\"thumbnailUrl\":\"https:\\\/\\\/reseaudesluettes.fr\\\/wp-content\\\/uploads\\\/2024\\\/12\\\/2024-12-20-1024x386.png\",\"datePublished\":\"2023-11-26T18:21:09+00:00\",\"dateModified\":\"2026-03-28T15:20:10+00:00\",\"breadcrumb\":{\"@id\":\"https:\\\/\\\/reseaudesluettes.fr\\\/index.php\\\/le-reseau\\\/#breadcrumb\"},\"inLanguage\":\"fr-FR\",\"potentialAction\":[{\"@type\":\"ReadAction\",\"target\":[\"https:\\\/\\\/reseaudesluettes.fr\\\/index.php\\\/le-reseau\\\/\"]}]},{\"@type\":\"ImageObject\",\"inLanguage\":\"fr-FR\",\"@id\":\"https:\\\/\\\/reseaudesluettes.fr\\\/index.php\\\/le-reseau\\\/#primaryimage\",\"url\":\"https:\\\/\\\/reseaudesluettes.fr\\\/wp-content\\\/uploads\\\/2024\\\/12\\\/2024-12-20.png\",\"contentUrl\":\"https:\\\/\\\/reseaudesluettes.fr\\\/wp-content\\\/uploads\\\/2024\\\/12\\\/2024-12-20.png\",\"width\":2720,\"height\":1024},{\"@type\":\"BreadcrumbList\",\"@id\":\"https:\\\/\\\/reseaudesluettes.fr\\\/index.php\\\/le-reseau\\\/#breadcrumb\",\"itemListElement\":[{\"@type\":\"ListItem\",\"position\":1,\"name\":\"Accueil\",\"item\":\"https:\\\/\\\/reseaudesluettes.fr\\\/\"},{\"@type\":\"ListItem\",\"position\":2,\"name\":\"LE RESEAU\"}]},{\"@type\":\"WebSite\",\"@id\":\"https:\\\/\\\/reseaudesluettes.fr\\\/#website\",\"url\":\"https:\\\/\\\/reseaudesluettes.fr\\\/\",\"name\":\"RESEAU DES LUETTES\",\"description\":\"Pour le plaisir\",\"publisher\":{\"@id\":\"https:\\\/\\\/reseaudesluettes.fr\\\/#\\\/schema\\\/person\\\/07c9af6a5dd74bc071da491107cdb8cf\"},\"potentialAction\":[{\"@type\":\"SearchAction\",\"target\":{\"@type\":\"EntryPoint\",\"urlTemplate\":\"https:\\\/\\\/reseaudesluettes.fr\\\/?s={search_term_string}\"},\"query-input\":{\"@type\":\"PropertyValueSpecification\",\"valueRequired\":true,\"valueName\":\"search_term_string\"}}],\"inLanguage\":\"fr-FR\"},{\"@type\":[\"Person\",\"Organization\"],\"@id\":\"https:\\\/\\\/reseaudesluettes.fr\\\/#\\\/schema\\\/person\\\/07c9af6a5dd74bc071da491107cdb8cf\",\"name\":\"tintin07300\",\"image\":{\"@type\":\"ImageObject\",\"inLanguage\":\"fr-FR\",\"@id\":\"https:\\\/\\\/reseaudesluettes.fr\\\/wp-content\\\/uploads\\\/2023\\\/10\\\/BB7222-2.jpg\",\"url\":\"https:\\\/\\\/reseaudesluettes.fr\\\/wp-content\\\/uploads\\\/2023\\\/10\\\/BB7222-2.jpg\",\"contentUrl\":\"https:\\\/\\\/reseaudesluettes.fr\\\/wp-content\\\/uploads\\\/2023\\\/10\\\/BB7222-2.jpg\",\"width\":800,\"height\":699,\"caption\":\"tintin07300\"},\"logo\":{\"@id\":\"https:\\\/\\\/reseaudesluettes.fr\\\/wp-content\\\/uploads\\\/2023\\\/10\\\/BB7222-2.jpg\"},\"sameAs\":[\"https:\\\/\\\/reseaudesluettes.fr\"]}]}<\/script>\n<!-- \/ Yoast SEO plugin. -->","yoast_head_json":{"title":"LE RESEAU - RESEAU DES LUETTES","robots":{"index":"index","follow":"follow","max-snippet":"max-snippet:-1","max-image-preview":"max-image-preview:large","max-video-preview":"max-video-preview:-1"},"canonical":"https:\/\/reseaudesluettes.fr\/index.php\/le-reseau\/","og_locale":"fr_FR","og_type":"article","og_title":"LE RESEAU - RESEAU DES LUETTES","og_description":"Le controle du reseau est bas\u00e9 sur: L&rsquo;ECOS 2 RRTC Gold V9.0C2 avec son interface HSI88 La r\u00e9trosignalisation par LDT RM-GB-8N 2021 et avant Le synth\u00e8me S88 avec RM-GB-8-N 2022","og_url":"https:\/\/reseaudesluettes.fr\/index.php\/le-reseau\/","og_site_name":"RESEAU DES LUETTES","article_modified_time":"2026-03-28T15:20:10+00:00","og_image":[{"url":"https:\/\/reseaudesluettes.fr\/wp-content\/uploads\/2024\/12\/2024-12-20-1024x386.png","type":"","width":"","height":""}],"twitter_card":"summary_large_image","twitter_misc":{"Dur\u00e9e de lecture estim\u00e9e":"3 minutes"},"schema":{"@context":"https:\/\/schema.org","@graph":[{"@type":"WebPage","@id":"https:\/\/reseaudesluettes.fr\/index.php\/le-reseau\/","url":"https:\/\/reseaudesluettes.fr\/index.php\/le-reseau\/","name":"LE RESEAU - RESEAU DES LUETTES","isPartOf":{"@id":"https:\/\/reseaudesluettes.fr\/#website"},"primaryImageOfPage":{"@id":"https:\/\/reseaudesluettes.fr\/index.php\/le-reseau\/#primaryimage"},"image":{"@id":"https:\/\/reseaudesluettes.fr\/index.php\/le-reseau\/#primaryimage"},"thumbnailUrl":"https:\/\/reseaudesluettes.fr\/wp-content\/uploads\/2024\/12\/2024-12-20-1024x386.png","datePublished":"2023-11-26T18:21:09+00:00","dateModified":"2026-03-28T15:20:10+00:00","breadcrumb":{"@id":"https:\/\/reseaudesluettes.fr\/index.php\/le-reseau\/#breadcrumb"},"inLanguage":"fr-FR","potentialAction":[{"@type":"ReadAction","target":["https:\/\/reseaudesluettes.fr\/index.php\/le-reseau\/"]}]},{"@type":"ImageObject","inLanguage":"fr-FR","@id":"https:\/\/reseaudesluettes.fr\/index.php\/le-reseau\/#primaryimage","url":"https:\/\/reseaudesluettes.fr\/wp-content\/uploads\/2024\/12\/2024-12-20.png","contentUrl":"https:\/\/reseaudesluettes.fr\/wp-content\/uploads\/2024\/12\/2024-12-20.png","width":2720,"height":1024},{"@type":"BreadcrumbList","@id":"https:\/\/reseaudesluettes.fr\/index.php\/le-reseau\/#breadcrumb","itemListElement":[{"@type":"ListItem","position":1,"name":"Accueil","item":"https:\/\/reseaudesluettes.fr\/"},{"@type":"ListItem","position":2,"name":"LE RESEAU"}]},{"@type":"WebSite","@id":"https:\/\/reseaudesluettes.fr\/#website","url":"https:\/\/reseaudesluettes.fr\/","name":"RESEAU DES LUETTES","description":"Pour le plaisir","publisher":{"@id":"https:\/\/reseaudesluettes.fr\/#\/schema\/person\/07c9af6a5dd74bc071da491107cdb8cf"},"potentialAction":[{"@type":"SearchAction","target":{"@type":"EntryPoint","urlTemplate":"https:\/\/reseaudesluettes.fr\/?s={search_term_string}"},"query-input":{"@type":"PropertyValueSpecification","valueRequired":true,"valueName":"search_term_string"}}],"inLanguage":"fr-FR"},{"@type":["Person","Organization"],"@id":"https:\/\/reseaudesluettes.fr\/#\/schema\/person\/07c9af6a5dd74bc071da491107cdb8cf","name":"tintin07300","image":{"@type":"ImageObject","inLanguage":"fr-FR","@id":"https:\/\/reseaudesluettes.fr\/wp-content\/uploads\/2023\/10\/BB7222-2.jpg","url":"https:\/\/reseaudesluettes.fr\/wp-content\/uploads\/2023\/10\/BB7222-2.jpg","contentUrl":"https:\/\/reseaudesluettes.fr\/wp-content\/uploads\/2023\/10\/BB7222-2.jpg","width":800,"height":699,"caption":"tintin07300"},"logo":{"@id":"https:\/\/reseaudesluettes.fr\/wp-content\/uploads\/2023\/10\/BB7222-2.jpg"},"sameAs":["https:\/\/reseaudesluettes.fr"]}]}},"_links":{"self":[{"href":"https:\/\/reseaudesluettes.fr\/index.php\/wp-json\/wp\/v2\/pages\/320","targetHints":{"allow":["GET"]}}],"collection":[{"href":"https:\/\/reseaudesluettes.fr\/index.php\/wp-json\/wp\/v2\/pages"}],"about":[{"href":"https:\/\/reseaudesluettes.fr\/index.php\/wp-json\/wp\/v2\/types\/page"}],"author":[{"embeddable":true,"href":"https:\/\/reseaudesluettes.fr\/index.php\/wp-json\/wp\/v2\/users\/1"}],"replies":[{"embeddable":true,"href":"https:\/\/reseaudesluettes.fr\/index.php\/wp-json\/wp\/v2\/comments?post=320"}],"version-history":[{"count":257,"href":"https:\/\/reseaudesluettes.fr\/index.php\/wp-json\/wp\/v2\/pages\/320\/revisions"}],"predecessor-version":[{"id":1425,"href":"https:\/\/reseaudesluettes.fr\/index.php\/wp-json\/wp\/v2\/pages\/320\/revisions\/1425"}],"wp:attachment":[{"href":"https:\/\/reseaudesluettes.fr\/index.php\/wp-json\/wp\/v2\/media?parent=320"}],"curies":[{"name":"wp","href":"https:\/\/api.w.org\/{rel}","templated":true}]}}