{"id":116,"date":"2023-11-25T09:21:14","date_gmt":"2023-11-25T08:21:14","guid":{"rendered":"https:\/\/reseaudesluettes.fr\/?page_id=116"},"modified":"2026-03-28T17:19:26","modified_gmt":"2026-03-28T16:19:26","slug":"acceuil-https-reseaudesluettes-fr","status":"publish","type":"page","link":"https:\/\/reseaudesluettes.fr\/","title":{"rendered":"LA MAISON"},"content":{"rendered":"\t\t<div data-elementor-type=\"wp-page\" data-elementor-id=\"116\" class=\"elementor elementor-116\">\n\t\t\t\t<div class=\"elementor-element elementor-element-6bdba79 e-flex e-con-boxed e-con e-parent\" data-id=\"6bdba79\" data-element_type=\"container\" data-e-type=\"container\">\n\t\t\t\t\t<div class=\"e-con-inner\">\n\t\t\t\t<div class=\"elementor-element elementor-element-48bd918 elementor-widget elementor-widget-heading\" data-id=\"48bd918\" data-element_type=\"widget\" data-e-type=\"widget\" data-widget_type=\"heading.default\">\n\t\t\t\t<div class=\"elementor-widget-container\">\n\t\t\t\t\t<h2 class=\"elementor-heading-title elementor-size-large\">Bienvenue \u00e0 Tous.               \n\nSur le r\u00e9seau 1500V tour de table imaginaire.<\/h2>\t\t\t\t<\/div>\n\t\t\t\t<\/div>\n\t\t\t\t\t<\/div>\n\t\t\t\t<\/div>\n\t\t<div class=\"elementor-element elementor-element-e94a482 e-con-full e-flex e-con e-parent\" data-id=\"e94a482\" data-element_type=\"container\" data-e-type=\"container\">\n\t\t\t\t<div class=\"elementor-element elementor-element-d071706 elementor-widget elementor-widget-image\" data-id=\"d071706\" data-element_type=\"widget\" data-e-type=\"widget\" data-widget_type=\"image.default\">\n\t\t\t\t<div class=\"elementor-widget-container\">\n\t\t\t\t\t\t\t\t\t\t\t\t\t\t\t<img fetchpriority=\"high\" decoding=\"async\" width=\"1024\" height=\"683\" src=\"https:\/\/reseaudesluettes.fr\/wp-content\/uploads\/2023\/12\/DSC_3543-2-1024x683.jpg\" class=\"attachment-large size-large wp-image-401\" alt=\"\" srcset=\"https:\/\/reseaudesluettes.fr\/wp-content\/uploads\/2023\/12\/DSC_3543-2-1024x683.jpg 1024w, https:\/\/reseaudesluettes.fr\/wp-content\/uploads\/2023\/12\/DSC_3543-2-300x200.jpg 300w, https:\/\/reseaudesluettes.fr\/wp-content\/uploads\/2023\/12\/DSC_3543-2-768x512.jpg 768w, https:\/\/reseaudesluettes.fr\/wp-content\/uploads\/2023\/12\/DSC_3543-2-1536x1024.jpg 1536w, https:\/\/reseaudesluettes.fr\/wp-content\/uploads\/2023\/12\/DSC_3543-2-2048x1365.jpg 2048w\" sizes=\"(max-width: 1024px) 100vw, 1024px\" \/>\t\t\t\t\t\t\t\t\t\t\t\t\t\t\t<\/div>\n\t\t\t\t<\/div>\n\t\t\t\t<\/div>\n\t\t<div class=\"elementor-element elementor-element-20db5dc e-flex e-con-boxed e-con e-parent\" data-id=\"20db5dc\" data-element_type=\"container\" data-e-type=\"container\">\n\t\t\t\t\t<div class=\"e-con-inner\">\n\t\t\t\t<div class=\"elementor-element elementor-element-13e6284 elementor-widget elementor-widget-heading\" data-id=\"13e6284\" data-element_type=\"widget\" data-e-type=\"widget\" data-widget_type=\"heading.default\">\n\t\t\t\t<div class=\"elementor-widget-container\">\n\t\t\t\t\t<h2 class=\"elementor-heading-title elementor-size-default\">Visiteurs<\/h2>\t\t\t\t<\/div>\n\t\t\t\t<\/div>\n\t\t\t\t\t<\/div>\n\t\t\t\t<\/div>\n\t\t\t\t<\/div>\n\t\t","protected":false},"excerpt":{"rendered":"<p>Bienvenue \u00e0 Tous. Sur le r\u00e9seau 1500V tour de table imaginaire. Visiteurs<\/p>\n","protected":false},"author":1,"featured_media":0,"parent":0,"menu_order":0,"comment_status":"closed","ping_status":"closed","template":"","meta":{"_uf_show_specific_survey":0,"_uf_disable_surveys":false,"footnotes":""},"class_list":["post-116","page","type-page","status-publish","hentry","entry"],"aioseo_notices":[],"yoast_head":"<!-- This site is optimized with the Yoast SEO plugin v27.3 - https:\/\/yoast.com\/product\/yoast-seo-wordpress\/ -->\n<title>R\u00e9seau des luettes<\/title>\n<meta name=\"description\" content=\"R\u00e9seau HO 1500V tour de pi\u00e8ce. Command\u00e9 par RRTC ECOS2 S88\/HSI88 , Epoque V, VI, mais on ne refuse pas d&#039;autres genre.\" \/>\n<meta name=\"robots\" content=\"index, follow, max-snippet:-1, max-image-preview:large, max-video-preview:-1\" \/>\n<link rel=\"canonical\" href=\"https:\/\/reseaudesluettes.fr\/\" \/>\n<meta property=\"og:locale\" content=\"fr_FR\" \/>\n<meta property=\"og:type\" content=\"article\" \/>\n<meta property=\"og:title\" content=\"R\u00e9seau des luettes\" \/>\n<meta property=\"og:description\" content=\"R\u00e9seau HO 1500V tour de pi\u00e8ce. Command\u00e9 par RRTC ECOS2 S88\/HSI88 , Epoque V, VI, mais on ne refuse pas d&#039;autres genre.\" \/>\n<meta property=\"og:url\" content=\"https:\/\/reseaudesluettes.fr\/\" \/>\n<meta property=\"og:site_name\" content=\"RESEAU DES LUETTES\" \/>\n<meta property=\"article:modified_time\" content=\"2026-03-28T16:19:26+00:00\" \/>\n<meta property=\"og:image\" content=\"https:\/\/reseaudesluettes.fr\/wp-content\/uploads\/2023\/12\/DSC_3543-2-scaled.jpg\" \/>\n\t<meta property=\"og:image:width\" content=\"2560\" \/>\n\t<meta property=\"og:image:height\" content=\"1707\" \/>\n\t<meta property=\"og:image:type\" content=\"image\/jpeg\" \/>\n<meta name=\"twitter:card\" content=\"summary_large_image\" \/>\n<meta name=\"twitter:label1\" content=\"Dur\u00e9e de lecture estim\u00e9e\" \/>\n\t<meta name=\"twitter:data1\" content=\"1 minute\" \/>\n<script type=\"application\/ld+json\" class=\"yoast-schema-graph\">{\"@context\":\"https:\\\/\\\/schema.org\",\"@graph\":[{\"@type\":\"WebPage\",\"@id\":\"https:\\\/\\\/reseaudesluettes.fr\\\/\",\"url\":\"https:\\\/\\\/reseaudesluettes.fr\\\/\",\"name\":\"R\u00e9seau des luettes\",\"isPartOf\":{\"@id\":\"https:\\\/\\\/reseaudesluettes.fr\\\/#website\"},\"primaryImageOfPage\":{\"@id\":\"https:\\\/\\\/reseaudesluettes.fr\\\/#primaryimage\"},\"image\":{\"@id\":\"https:\\\/\\\/reseaudesluettes.fr\\\/#primaryimage\"},\"thumbnailUrl\":\"https:\\\/\\\/reseaudesluettes.fr\\\/wp-content\\\/uploads\\\/2023\\\/12\\\/DSC_3543-2-1024x683.jpg\",\"datePublished\":\"2023-11-25T08:21:14+00:00\",\"dateModified\":\"2026-03-28T16:19:26+00:00\",\"description\":\"R\u00e9seau HO 1500V tour de pi\u00e8ce. Command\u00e9 par RRTC ECOS2 S88\\\/HSI88 , Epoque V, VI, mais on ne refuse pas d'autres genre.\",\"breadcrumb\":{\"@id\":\"https:\\\/\\\/reseaudesluettes.fr\\\/#breadcrumb\"},\"inLanguage\":\"fr-FR\",\"potentialAction\":[{\"@type\":\"ReadAction\",\"target\":[\"https:\\\/\\\/reseaudesluettes.fr\\\/\"]}]},{\"@type\":\"ImageObject\",\"inLanguage\":\"fr-FR\",\"@id\":\"https:\\\/\\\/reseaudesluettes.fr\\\/#primaryimage\",\"url\":\"https:\\\/\\\/reseaudesluettes.fr\\\/wp-content\\\/uploads\\\/2023\\\/12\\\/DSC_3543-2-scaled.jpg\",\"contentUrl\":\"https:\\\/\\\/reseaudesluettes.fr\\\/wp-content\\\/uploads\\\/2023\\\/12\\\/DSC_3543-2-scaled.jpg\",\"width\":2560,\"height\":1707},{\"@type\":\"BreadcrumbList\",\"@id\":\"https:\\\/\\\/reseaudesluettes.fr\\\/#breadcrumb\",\"itemListElement\":[{\"@type\":\"ListItem\",\"position\":1,\"name\":\"Accueil\",\"item\":\"https:\\\/\\\/reseaudesluettes.fr\\\/\"},{\"@type\":\"ListItem\",\"position\":2,\"name\":\"LA MAISON\"}]},{\"@type\":\"WebSite\",\"@id\":\"https:\\\/\\\/reseaudesluettes.fr\\\/#website\",\"url\":\"https:\\\/\\\/reseaudesluettes.fr\\\/\",\"name\":\"RESEAU DES LUETTES\",\"description\":\"Pour le plaisir\",\"publisher\":{\"@id\":\"https:\\\/\\\/reseaudesluettes.fr\\\/#\\\/schema\\\/person\\\/07c9af6a5dd74bc071da491107cdb8cf\"},\"potentialAction\":[{\"@type\":\"SearchAction\",\"target\":{\"@type\":\"EntryPoint\",\"urlTemplate\":\"https:\\\/\\\/reseaudesluettes.fr\\\/?s={search_term_string}\"},\"query-input\":{\"@type\":\"PropertyValueSpecification\",\"valueRequired\":true,\"valueName\":\"search_term_string\"}}],\"inLanguage\":\"fr-FR\"},{\"@type\":[\"Person\",\"Organization\"],\"@id\":\"https:\\\/\\\/reseaudesluettes.fr\\\/#\\\/schema\\\/person\\\/07c9af6a5dd74bc071da491107cdb8cf\",\"name\":\"tintin07300\",\"image\":{\"@type\":\"ImageObject\",\"inLanguage\":\"fr-FR\",\"@id\":\"https:\\\/\\\/reseaudesluettes.fr\\\/wp-content\\\/uploads\\\/2023\\\/10\\\/BB7222-2.jpg\",\"url\":\"https:\\\/\\\/reseaudesluettes.fr\\\/wp-content\\\/uploads\\\/2023\\\/10\\\/BB7222-2.jpg\",\"contentUrl\":\"https:\\\/\\\/reseaudesluettes.fr\\\/wp-content\\\/uploads\\\/2023\\\/10\\\/BB7222-2.jpg\",\"width\":800,\"height\":699,\"caption\":\"tintin07300\"},\"logo\":{\"@id\":\"https:\\\/\\\/reseaudesluettes.fr\\\/wp-content\\\/uploads\\\/2023\\\/10\\\/BB7222-2.jpg\"},\"sameAs\":[\"https:\\\/\\\/reseaudesluettes.fr\"]}]}<\/script>\n<!-- \/ Yoast SEO plugin. -->","yoast_head_json":{"title":"R\u00e9seau des luettes","description":"R\u00e9seau HO 1500V tour de pi\u00e8ce. Command\u00e9 par RRTC ECOS2 S88\/HSI88 , Epoque V, VI, mais on ne refuse pas d'autres genre.","robots":{"index":"index","follow":"follow","max-snippet":"max-snippet:-1","max-image-preview":"max-image-preview:large","max-video-preview":"max-video-preview:-1"},"canonical":"https:\/\/reseaudesluettes.fr\/","og_locale":"fr_FR","og_type":"article","og_title":"R\u00e9seau des luettes","og_description":"R\u00e9seau HO 1500V tour de pi\u00e8ce. Command\u00e9 par RRTC ECOS2 S88\/HSI88 , Epoque V, VI, mais on ne refuse pas d'autres genre.","og_url":"https:\/\/reseaudesluettes.fr\/","og_site_name":"RESEAU DES LUETTES","article_modified_time":"2026-03-28T16:19:26+00:00","og_image":[{"width":2560,"height":1707,"url":"https:\/\/reseaudesluettes.fr\/wp-content\/uploads\/2023\/12\/DSC_3543-2-scaled.jpg","type":"image\/jpeg"}],"twitter_card":"summary_large_image","twitter_misc":{"Dur\u00e9e de lecture estim\u00e9e":"1 minute"},"schema":{"@context":"https:\/\/schema.org","@graph":[{"@type":"WebPage","@id":"https:\/\/reseaudesluettes.fr\/","url":"https:\/\/reseaudesluettes.fr\/","name":"R\u00e9seau des luettes","isPartOf":{"@id":"https:\/\/reseaudesluettes.fr\/#website"},"primaryImageOfPage":{"@id":"https:\/\/reseaudesluettes.fr\/#primaryimage"},"image":{"@id":"https:\/\/reseaudesluettes.fr\/#primaryimage"},"thumbnailUrl":"https:\/\/reseaudesluettes.fr\/wp-content\/uploads\/2023\/12\/DSC_3543-2-1024x683.jpg","datePublished":"2023-11-25T08:21:14+00:00","dateModified":"2026-03-28T16:19:26+00:00","description":"R\u00e9seau HO 1500V tour de pi\u00e8ce. Command\u00e9 par RRTC ECOS2 S88\/HSI88 , Epoque V, VI, mais on ne refuse pas d'autres genre.","breadcrumb":{"@id":"https:\/\/reseaudesluettes.fr\/#breadcrumb"},"inLanguage":"fr-FR","potentialAction":[{"@type":"ReadAction","target":["https:\/\/reseaudesluettes.fr\/"]}]},{"@type":"ImageObject","inLanguage":"fr-FR","@id":"https:\/\/reseaudesluettes.fr\/#primaryimage","url":"https:\/\/reseaudesluettes.fr\/wp-content\/uploads\/2023\/12\/DSC_3543-2-scaled.jpg","contentUrl":"https:\/\/reseaudesluettes.fr\/wp-content\/uploads\/2023\/12\/DSC_3543-2-scaled.jpg","width":2560,"height":1707},{"@type":"BreadcrumbList","@id":"https:\/\/reseaudesluettes.fr\/#breadcrumb","itemListElement":[{"@type":"ListItem","position":1,"name":"Accueil","item":"https:\/\/reseaudesluettes.fr\/"},{"@type":"ListItem","position":2,"name":"LA MAISON"}]},{"@type":"WebSite","@id":"https:\/\/reseaudesluettes.fr\/#website","url":"https:\/\/reseaudesluettes.fr\/","name":"RESEAU DES LUETTES","description":"Pour le plaisir","publisher":{"@id":"https:\/\/reseaudesluettes.fr\/#\/schema\/person\/07c9af6a5dd74bc071da491107cdb8cf"},"potentialAction":[{"@type":"SearchAction","target":{"@type":"EntryPoint","urlTemplate":"https:\/\/reseaudesluettes.fr\/?s={search_term_string}"},"query-input":{"@type":"PropertyValueSpecification","valueRequired":true,"valueName":"search_term_string"}}],"inLanguage":"fr-FR"},{"@type":["Person","Organization"],"@id":"https:\/\/reseaudesluettes.fr\/#\/schema\/person\/07c9af6a5dd74bc071da491107cdb8cf","name":"tintin07300","image":{"@type":"ImageObject","inLanguage":"fr-FR","@id":"https:\/\/reseaudesluettes.fr\/wp-content\/uploads\/2023\/10\/BB7222-2.jpg","url":"https:\/\/reseaudesluettes.fr\/wp-content\/uploads\/2023\/10\/BB7222-2.jpg","contentUrl":"https:\/\/reseaudesluettes.fr\/wp-content\/uploads\/2023\/10\/BB7222-2.jpg","width":800,"height":699,"caption":"tintin07300"},"logo":{"@id":"https:\/\/reseaudesluettes.fr\/wp-content\/uploads\/2023\/10\/BB7222-2.jpg"},"sameAs":["https:\/\/reseaudesluettes.fr"]}]}},"_links":{"self":[{"href":"https:\/\/reseaudesluettes.fr\/index.php\/wp-json\/wp\/v2\/pages\/116","targetHints":{"allow":["GET"]}}],"collection":[{"href":"https:\/\/reseaudesluettes.fr\/index.php\/wp-json\/wp\/v2\/pages"}],"about":[{"href":"https:\/\/reseaudesluettes.fr\/index.php\/wp-json\/wp\/v2\/types\/page"}],"author":[{"embeddable":true,"href":"https:\/\/reseaudesluettes.fr\/index.php\/wp-json\/wp\/v2\/users\/1"}],"replies":[{"embeddable":true,"href":"https:\/\/reseaudesluettes.fr\/index.php\/wp-json\/wp\/v2\/comments?post=116"}],"version-history":[{"count":94,"href":"https:\/\/reseaudesluettes.fr\/index.php\/wp-json\/wp\/v2\/pages\/116\/revisions"}],"predecessor-version":[{"id":1456,"href":"https:\/\/reseaudesluettes.fr\/index.php\/wp-json\/wp\/v2\/pages\/116\/revisions\/1456"}],"wp:attachment":[{"href":"https:\/\/reseaudesluettes.fr\/index.php\/wp-json\/wp\/v2\/media?parent=116"}],"curies":[{"name":"wp","href":"https:\/\/api.w.org\/{rel}","templated":true}]}}